{"id":3,"date":"2023-11-14T21:02:25","date_gmt":"2023-11-14T20:02:25","guid":{"rendered":"http:\/\/smt.edu.pl\/ua\/?page_id=3"},"modified":"2023-12-15T19:24:49","modified_gmt":"2023-12-15T18:24:49","slug":"polityka-prywatnosci","status":"publish","type":"page","link":"https:\/\/smt.edu.pl\/ua\/polityka-prywatnosci\/","title":{"rendered":"Polityka prywatno\u015bci"},"content":{"rendered":"\t\t<div data-elementor-type=\"wp-page\" data-elementor-id=\"3\" class=\"elementor elementor-3\">\n\t\t\t\t<div class=\"elementor-element elementor-element-3863563f e-flex e-con-boxed e-con e-parent\" data-id=\"3863563f\" data-element_type=\"container\" data-e-type=\"container\">\n\t\t\t\t\t<div class=\"e-con-inner\">\n\t\t\t\t<div class=\"elementor-element elementor-element-e783393 elementor-widget elementor-widget-heading\" data-id=\"e783393\" data-element_type=\"widget\" data-e-type=\"widget\" data-widget_type=\"heading.default\">\n\t\t\t\t<div class=\"elementor-widget-container\">\n\t\t\t\t\t<h2 class=\"elementor-heading-title elementor-size-default\">Polityka prywatno\u015bci<\/h2>\t\t\t\t<\/div>\n\t\t\t\t<\/div>\n\t\t\t\t<div class=\"elementor-element elementor-element-c790e8c elementor-widget elementor-widget-text-editor\" data-id=\"c790e8c\" data-element_type=\"widget\" data-e-type=\"widget\" data-widget_type=\"text-editor.default\">\n\t\t\t\t<div class=\"elementor-widget-container\">\n\t\t\t\t\t\t\t\t\t<p><strong>I. Postanowienia og\u00f3lne\u00a0<\/strong><\/p><ol><li>Polityka prywatno\u015bci okre\u015bla, jak zbierane, przetwarzane i przechowywane s\u0105 dane osobowe U\u017cytkownik\u00f3w niezb\u0119dne do \u015bwiadczenia us\u0142ug drog\u0105 elektroniczn\u0105 za po\u015brednictwem serwisu internetowego: https:\/\/smt.edu.pl\/ua\/ (dalej: Serwis).<\/li><li>Serwis zbiera wy\u0142\u0105cznie dane osobowe niezb\u0119dne do \u015bwiadczenia i rozwoju us\u0142ug w nim oferowanych.<\/li><li>Dane osobowe zbierane za po\u015brednictwem Serwisu s\u0105 przetwarzane zgodnie z Rozporz\u0105dzeniem Parlamentu Europejskiego i Rady (UE) 2016\/679 z dnia 27 kwietnia 2016 r. w sprawie ochrony os\u00f3b fizycznych w zwi\u0105zku z przetwarzaniem danych osobowych i w sprawie swobodnego przep\u0142ywu takich danych oraz uchylenia dyrektywy 95\/46\/WE (og\u00f3lne rozporz\u0105dzenie o ochronie danych, dalej RODO) oraz ustaw\u0105 o ochronie danych osobowych z dnia 10 maja 2018 r.<\/li><\/ol><p><strong>II. Administrator danych<\/strong><\/p><p>Administratorem danych osobowych zbieranych poprzez Serwis jest\u00a0SMT Edukacja Piotr Miedzi\u0144ski , adres:\u00a0ul. Ko\u015bciuszki 47\/LU1 30-114 Krak\u00f3w , NIP: 6751019859, adres poczty elektronicznej:\u00a0kontakt@smt.edu.pl (dalej: Administrator).<\/p><p><strong>III. Cel zbierania danych osobowych<\/strong><\/p><ol><li>Dane osobowe wykorzystywane s\u0105 w celu:<ul><li>komunikacji z U\u017cytkownikiem (formularz kontaktowy itp.)<\/li><li>\u015bwiadczenia us\u0142ug spo\u0142eczno\u015bciowych,<\/li><li>promocji oferty Administratora,<\/li><li>marketingu, remarketingu, afiliacji,<\/li><li>personalizacji Serwisu dla U\u017cytkownik\u00f3w,<\/li><li>dzia\u0142a\u0144 analitycznych i statystycznych,<\/li><li>ustalenia i dochodzenia roszcze\u0144\u00a0albo obrony przed nimi.<\/li><\/ul><\/li><li>Podanie danych jest dobrowolne, ale niezb\u0119dne do zawarcia umowy albo skorzystania z innych funkcjonalno\u015bci Serwisu.<\/li><\/ol><p><strong>IV. Rodzaj przetwarzanych danych osobowych\u00a0<\/strong><\/p><p>Administrator mo\u017ce przetwarza\u0107\u00a0dane osobowe U\u017cytkownika: imi\u0119 i nazwisko, adres e-mail, numer telefonu,<\/p><p><strong>V. Okres przetwarzania danych osobowych (zmiana numeracji)<\/strong><\/p><p>Dane osobowe U\u017cytkownik\u00f3w b\u0119d\u0105 przetwarzane przez okres:<\/p><ul><li>gdy podstaw\u0105 przetwarzania danych jest wykonanie umowy \u2013 do momentu przedawnienia roszcze\u0144 po jej wykonaniu,<\/li><li>gdy podstaw\u0105 przetwarzania danych jest zgoda \u2013 do momentu jej odwo\u0142ania, a\u00a0po odwo\u0142aniu zgody do przedawnienia roszcze\u0144.<\/li><\/ul><p>W obu przypadkach termin przedawnienia wynosi 6 lat, a\u00a0dla roszcze\u0144 o\u00a0\u015bwiadczenia okresowe i roszcze\u0144 dotycz\u0105cych\u00a0prowadzenia dzia\u0142alno\u015bci gospodarczej \u2013 3 lata (je\u015bli przepis szczeg\u00f3lny nie stanowi inaczej).<\/p><p><strong>VI. Udost\u0119pnianie danych osobowych (zmiana numeracji)<\/strong><\/p><ol><li>Dane osobowe U\u017cytkownik\u00f3w mog\u0105 by\u0107 przekazywane: podmiotom powi\u0105zanym z Administratorem, jego podwykonawcom, podmiotom wsp\u00f3\u0142pracuj\u0105cym z Administratorem np. firmom obs\u0142uguj\u0105cym e-p\u0142atno\u015bci, firmom \u015bwiadcz\u0105cym us\u0142ugi kurierskie\/pocztowe, kancelariom prawnym.<\/li><li>Dane osobowe U\u017cytkownik\u00f3w nie b\u0119d\u0105 przekazywane poza teren Europejskiego Obszaru Gospodarczego (EOG).<\/li><\/ol><p><strong>VII. Prawa U\u017cytkownik\u00f3w<\/strong><\/p><ol><li>U\u017cytkownik Serwisu ma prawo do: dost\u0119pu do tre\u015bci swoich danych osobowych, ich sprostowania, usuni\u0119cia, ograniczenia przetwarzania, przenoszenia, wniesienia sprzeciwu wobec przetwarzania, cofni\u0119cia zgody w ka\u017cdej chwili (co nie ma\u00a0wp\u0142ywu na zgodno\u015b\u0107 z prawem przetwarzania dokonanego w oparciu o zgod\u0119 przed jej cofni\u0119ciem).<\/li><li>Zg\u0142oszenie o wyst\u0105pieniu przez U\u017cytkownika z\u00a0uprawnieniem wynikaj\u0105cym z\u00a0wymienionych praw nale\u017cy przes\u0142a\u0107 na adres\u00a0kontakt@smt.edu.pl<\/li><li>Administrator spe\u0142nia lub odmawia\u00a0spe\u0142nienia \u017c\u0105dania\u00a0niezw\u0142ocznie \u2013 maksymalnie w ci\u0105gu miesi\u0105ca od jego otrzymania.<\/li><li>U\u017cytkownik ma prawo z\u0142o\u017cy\u0107 skarg\u0119 do Prezesa Urz\u0119du Ochrony Danych Osobowych, je\u015bli uzna, \u017ce przetwarzanie narusza jego prawa i wolno\u015bci (RODO).<\/li><\/ol><p><strong>VIII. Pliki cookies<\/strong><\/p><ol><li>Serwis zbiera informacje za pomoc\u0105 plik\u00f3w cookies \u2013 sesyjnych, sta\u0142ych i podmiot\u00f3w zewn\u0119trznych.<\/li><li>Zbieranie plik\u00f3w cookies wspiera poprawne \u015bwiadczenie us\u0142ug w Serwisie i s\u0142u\u017cy celom statystycznym.<\/li><li>U\u017cytkownik mo\u017ce okre\u015bli\u0107 zakres dost\u0119pu plik\u00f3w cookies do swojego urz\u0105dzenia w ustawieniach przegl\u0105darki.<\/li><\/ol><p><strong>IX. Zautomatyzowane podejmowanie decyzji i profilowanie (zmiana numeracji)<br \/><\/strong><\/p><ol><li>Dane U\u017cytkownik\u00f3w nie mog\u0105 by\u0107\u00a0przetwarzane w zautomatyzowany spos\u00f3b tak, \u017ce na skutek tego mog\u0142yby zapa\u015b\u0107 wobec nich jakiekolwiek decyzje.<\/li><\/ol><ol><li>Dane U\u017cytkownik\u00f3w mog\u0105 by\u0107 profilowane celem dostosowania tre\u015bci i personalizacji oferty po wyra\u017ceniu przez nich zgody.<\/li><\/ol><p><strong>X. Postanowienia ko\u0144cowe<br \/><\/strong><\/p><ol><li>Administrator ma prawo do wprowadzenia zmian w Polityce prywatno\u015bci, przy czym prawa U\u017cytkownik\u00f3w nie zostan\u0105 ograniczone.<\/li><li>Informacja o wprowadzonych zmianach pojawi si\u0119 w formie komunikatu dost\u0119pnego w Serwisie.<\/li><li>W sprawach nieuregulowanych w niniejszej Polityce prywatno\u015bci obowi\u0105zuj\u0105 przepisy RODO i przepisy prawa polskiego.<\/li><\/ol>\t\t\t\t\t\t\t\t<\/div>\n\t\t\t\t<\/div>\n\t\t\t\t<div class=\"elementor-element elementor-element-f5320f3 elementor-widget elementor-widget-heading\" data-id=\"f5320f3\" data-element_type=\"widget\" data-e-type=\"widget\" data-widget_type=\"heading.default\">\n\t\t\t\t<div class=\"elementor-widget-container\">\n\t\t\t\t\t<h2 class=\"elementor-heading-title elementor-size-default\">Polityka plik\u00f3w cookies<\/h2>\t\t\t\t<\/div>\n\t\t\t\t<\/div>\n\t\t\t\t<div class=\"elementor-element elementor-element-8dd8bef elementor-widget elementor-widget-text-editor\" data-id=\"8dd8bef\" data-element_type=\"widget\" data-e-type=\"widget\" data-widget_type=\"text-editor.default\">\n\t\t\t\t<div class=\"elementor-widget-container\">\n\t\t\t\t\t\t\t\t\t<p>Serwis nie gromadzi automatycznie \u017cadnych informacji, z wyj\u0105tkiem danych zawartych w plikach cookies. Pliki cookies, zwane r\u00f3wnie\u017c \u201eciasteczkami\u201d, to informacje informatyczne w postaci plik\u00f3w tekstowych przechowywanych w urz\u0105dzeniu ko\u0144cowym U\u017cytkownika Serwisu, przeznaczone do korzystania ze stron internetowych Serwisu. Zazwyczaj zawieraj\u0105 one nazw\u0119 strony internetowej, czas przechowywania na urz\u0105dzeniu ko\u0144cowym oraz unikalny numer identyfikacyjny.<\/p><p>Podmiotem umieszczaj\u0105cym pliki cookies na urz\u0105dzeniu U\u017cytkownika i uzyskuj\u0105cym do nich dost\u0119p jest operator Serwisu smt.edu.pl.<\/p><p>Pliki cookies s\u0105 wykorzystywane w celu:<\/p><ol><li>Dostosowania zawarto\u015bci stron internetowych Serwisu do preferencji U\u017cytkownika oraz optymalizacji korzystania ze stron internetowych, umo\u017cliwiaj\u0105c rozpoznanie urz\u0105dzenia U\u017cytkownika i dostosowanie strony internetowej do jego indywidualnych potrzeb.<\/li><li>\u00a0Tworzenia statystyk, kt\u00f3re pomagaj\u0105 zrozumie\u0107, w jaki spos\u00f3b U\u017cytkownicy Serwisu korzystaj\u0105 ze stron internetowych, co umo\u017cliwia ulepszanie ich struktury i zawarto\u015bci.<\/li><\/ol><p>W Serwisie stosowane \u201esta\u0142e\u201d pliki cookies (persistent cookies), s\u0105 one przechowywane przez okre\u015blony czas lub do momentu ich usuni\u0119cia przez U\u017cytkownika.<\/p><p>Rodzaje plik\u00f3w cookies w Serwisie obejmuj\u0105:<\/p><ol><li>a) \u201eniezb\u0119dne\u201d pliki cookies, umo\u017cliwiaj\u0105ce korzystanie z us\u0142ug Serwisu, takie jak uwierzytelnianie;<\/li><li>b) Pliki cookies zapewniaj\u0105ce bezpiecze\u0144stwo, wykrywaj\u0105ce nadu\u017cycia w zakresie uwierzytelniania;<\/li><li>c) \u201ewydajno\u015bciowe\u201d pliki cookies, zbieraj\u0105ce informacje o korzystaniu ze stron internetowych Serwisu;<\/li><li>d) \u201efunkcjonalne\u201d pliki cookies, zapami\u0119tuj\u0105ce ustawienia i personalizuj\u0105ce interfejs U\u017cytkownika;<\/li><li>e) \u201ereklamowe\u201d pliki cookies, dostarczaj\u0105ce tre\u015bci reklamowych dostosowanych do zainteresowa\u0144 U\u017cytkownik\u00f3w.<\/li><\/ol><p>W przypadku wielu przegl\u0105darek internetowych przechowywanie plik\u00f3w cookies jest domy\u015blnie uruchomione.<\/p><p>U\u017cytkownicy Serwisu mog\u0105 w dowolnym momencie zmieni\u0107 ustawienia dotycz\u0105ce plik\u00f3w cookies, np. blokowa\u0107 ich automatyczn\u0105 obs\u0142ug\u0119 lub otrzymywa\u0107 powiadomienia o ich umieszczeniu w urz\u0105dzeniu.<\/p><p>Szczeg\u00f3\u0142owe informacje na temat obs\u0142ugi plik\u00f3w cookies dost\u0119pne s\u0105 w ustawieniach przegl\u0105darki internetowej.<\/p><p>Operator Serwisu informuje, \u017ce ograniczenia stosowania plik\u00f3w cookies mog\u0105 wp\u0142yn\u0105\u0107 na niekt\u00f3re funkcjonalno\u015bci dost\u0119pne na stronach internetowych Serwisu.<\/p><p>Pliki cookies mog\u0105 by\u0107 r\u00f3wnie\u017c wykorzystywane przez reklamodawc\u00f3w i partner\u00f3w wsp\u00f3\u0142pracuj\u0105cych z operatorem Serwisu.<\/p>\t\t\t\t\t\t\t\t<\/div>\n\t\t\t\t<\/div>\n\t\t\t\t\t<\/div>\n\t\t\t\t<\/div>\n\t\t\t\t<\/div>\n\t\t","protected":false},"excerpt":{"rendered":"<p>Polityka prywatno\u015bci I. Postanowienia og\u00f3lne\u00a0 Polityka prywatno\u015bci okre\u015bla, jak zbierane, przetwarzane i przechowywane s\u0105 dane osobowe U\u017cytkownik\u00f3w niezb\u0119dne do \u015bwiadczenia us\u0142ug drog\u0105 elektroniczn\u0105 za po\u015brednictwem serwisu internetowego: https:\/\/smt.edu.pl\/ua\/ (dalej: Serwis). Serwis zbiera wy\u0142\u0105cznie dane osobowe niezb\u0119dne do \u015bwiadczenia i rozwoju us\u0142ug w nim oferowanych. Dane osobowe zbierane za po\u015brednictwem Serwisu s\u0105 przetwarzane zgodnie z Rozporz\u0105dzeniem [&hellip;]<\/p>\n","protected":false},"author":1,"featured_media":0,"parent":0,"menu_order":0,"comment_status":"closed","ping_status":"open","template":"elementor_header_footer","meta":{"footnotes":""},"class_list":["post-3","page","type-page","status-publish","hentry"],"blocksy_meta":[],"_links":{"self":[{"href":"https:\/\/smt.edu.pl\/ua\/wp-json\/wp\/v2\/pages\/3","targetHints":{"allow":["GET"]}}],"collection":[{"href":"https:\/\/smt.edu.pl\/ua\/wp-json\/wp\/v2\/pages"}],"about":[{"href":"https:\/\/smt.edu.pl\/ua\/wp-json\/wp\/v2\/types\/page"}],"author":[{"embeddable":true,"href":"https:\/\/smt.edu.pl\/ua\/wp-json\/wp\/v2\/users\/1"}],"replies":[{"embeddable":true,"href":"https:\/\/smt.edu.pl\/ua\/wp-json\/wp\/v2\/comments?post=3"}],"version-history":[{"count":22,"href":"https:\/\/smt.edu.pl\/ua\/wp-json\/wp\/v2\/pages\/3\/revisions"}],"predecessor-version":[{"id":927,"href":"https:\/\/smt.edu.pl\/ua\/wp-json\/wp\/v2\/pages\/3\/revisions\/927"}],"wp:attachment":[{"href":"https:\/\/smt.edu.pl\/ua\/wp-json\/wp\/v2\/media?parent=3"}],"curies":[{"name":"wp","href":"https:\/\/api.w.org\/{rel}","templated":true}]}}