{"id":20,"date":"2023-11-26T14:42:11","date_gmt":"2023-11-26T13:42:11","guid":{"rendered":"https:\/\/smt.edu.pl\/ua\/?page_id=20"},"modified":"2023-12-27T16:54:50","modified_gmt":"2023-12-27T15:54:50","slug":"%d0%b2%d0%b8%d1%81%d1%82%d0%b0%d0%b2%d0%ba%d0%b0-%d0%b4%d0%bb%d1%8f-%d0%b3%d1%80%d1%83%d0%bf","status":"publish","type":"page","link":"https:\/\/smt.edu.pl\/ua\/%d0%b2%d0%b8%d1%81%d1%82%d0%b0%d0%b2%d0%ba%d0%b0-%d0%b4%d0%bb%d1%8f-%d0%b3%d1%80%d1%83%d0%bf\/","title":{"rendered":"\u0412\u0418\u0421\u0422\u0410\u0412\u041a\u0410 \u0414\u041b\u042f \u0413\u0420\u0423\u041f"},"content":{"rendered":"\t\t<div data-elementor-type=\"wp-page\" data-elementor-id=\"20\" class=\"elementor elementor-20\">\n\t\t\t\t<div class=\"elementor-element elementor-element-69bf06b e-con-full e-flex e-con e-parent\" data-id=\"69bf06b\" data-element_type=\"container\" data-e-type=\"container\" data-settings=\"{&quot;background_background&quot;:&quot;classic&quot;,&quot;shape_divider_bottom&quot;:&quot;waves&quot;}\">\n\t\t\t\t<div class=\"elementor-shape elementor-shape-bottom\" aria-hidden=\"true\" data-negative=\"false\">\n\t\t\t<svg xmlns=\"http:\/\/www.w3.org\/2000\/svg\" viewBox=\"0 0 1000 100\" preserveAspectRatio=\"none\">\n\t<path class=\"elementor-shape-fill\" d=\"M421.9,6.5c22.6-2.5,51.5,0.4,75.5,5.3c23.6,4.9,70.9,23.5,100.5,35.7c75.8,32.2,133.7,44.5,192.6,49.7\n\tc23.6,2.1,48.7,3.5,103.4-2.5c54.7-6,106.2-25.6,106.2-25.6V0H0v30.3c0,0,72,32.6,158.4,30.5c39.2-0.7,92.8-6.7,134-22.4\n\tc21.2-8.1,52.2-18.2,79.7-24.2C399.3,7.9,411.6,7.5,421.9,6.5z\"\/>\n<\/svg>\t\t<\/div>\n\t\t<div class=\"elementor-element elementor-element-5fea086 e-con-full e-flex e-con e-child\" data-id=\"5fea086\" data-element_type=\"container\" data-e-type=\"container\">\n\t\t\t\t<div class=\"elementor-element elementor-element-9d72da7 elementor-widget elementor-widget-heading\" data-id=\"9d72da7\" data-element_type=\"widget\" data-e-type=\"widget\" data-widget_type=\"heading.default\">\n\t\t\t\t<div class=\"elementor-widget-container\">\n\t\t\t\t\t<h1 class=\"elementor-heading-title elementor-size-default\">\u0412\u0418\u0421\u0422\u0410\u0412\u041a\u0410 \u0414\u041b\u042f \u0413\u0420\u0423\u041f<\/h1>\t\t\t\t<\/div>\n\t\t\t\t<\/div>\n\t\t\t\t<div class=\"elementor-element elementor-element-4d9947f elementor-widget elementor-widget-text-editor\" data-id=\"4d9947f\" data-element_type=\"widget\" data-e-type=\"widget\" data-widget_type=\"text-editor.default\">\n\t\t\t\t<div class=\"elementor-widget-container\">\n\t\t\t\t\t\t\t\t\t<p>\u043d\u0430\u0432\u0447\u0430\u043d\u043d\u044f \u0442\u0430 \u0440\u043e\u0437\u0432\u0430\u0433\u0438 \u0437<strong> LEGO\u00ae Technic<\/strong><\/p>\t\t\t\t\t\t\t\t<\/div>\n\t\t\t\t<\/div>\n\t\t\t\t<\/div>\n\t\t\t\t<\/div>\n\t\t<div class=\"elementor-element elementor-element-441e0b8 e-flex e-con-boxed e-con e-parent\" data-id=\"441e0b8\" data-element_type=\"container\" data-e-type=\"container\">\n\t\t\t\t\t<div class=\"e-con-inner\">\n\t\t<div class=\"elementor-element elementor-element-7313c19 e-con-full e-flex e-con e-child\" data-id=\"7313c19\" data-element_type=\"container\" data-e-type=\"container\">\n\t\t\t\t<div class=\"elementor-element elementor-element-bafc69c elementor-widget elementor-widget-text-editor\" data-id=\"bafc69c\" data-element_type=\"widget\" data-e-type=\"widget\" data-widget_type=\"text-editor.default\">\n\t\t\t\t<div class=\"elementor-widget-container\">\n\t\t\t\t\t\t\t\t\t<p>\u0417 \u043b\u044e\u0442\u043e\u0433\u043e \u044f \u0437\u0430\u043f\u0440\u043e\u0448\u0443\u044e \u0432\u0430\u0441 \u0443 \u0437\u0430\u0445\u043e\u043f\u043b\u044e\u044e\u0447\u0443 \u043f\u043e\u0434\u043e\u0440\u043e\u0436 \u043a\u0440\u0456\u0437\u044c \u043f\u043e\u043d\u0430\u0434 40 \u0440\u043e\u043a\u0456\u0432 \u0456\u0441\u0442\u043e\u0440\u0456\u0457 \u0441\u0435\u0440\u0456\u0457 Technic.<\/p><p>\u042f \u0456\u0437 \u0437\u0430\u0434\u043e\u0432\u043e\u043b\u0435\u043d\u043d\u044f\u043c \u0440\u043e\u0437\u043f\u043e\u0432\u0456\u043c \u043f\u0440\u043e \u0432\u0441\u0435, \u0449\u043e \u0432\u0456\u0434\u0431\u0443\u043b\u043e\u0441\u044f \u0437 1977 \u0440\u043e\u043a\u0443, \u0456 \u043f\u043e\u043a\u0430\u0436\u0443 \u043f\u0440\u0438\u043a\u043b\u0430\u0434\u0438 \u044f\u043a \u0446\u044f \u0441\u0435\u0440\u0456\u044f \u0437\u043c\u0456\u043d\u0438\u043b\u0430\u0441\u044f \u0437 \u0440\u043e\u043a\u0430\u043c\u0438.<\/p><p>\u041d\u0435 \u0437\u0430\u0431\u0443\u0434\u044c\u0442\u0435 \u043f\u0435\u0440\u0435\u0440\u0432\u0430\u0442\u0438 \u043c\u0435\u043d\u0435, \u0442\u043e\u043c\u0443 \u0449\u043e \u044f \u043c\u043e\u0436\u0443 \u0433\u043e\u0432\u043e\u0440\u0438\u0442\u0438 \u043f\u0440\u043e \u043d\u0430\u0431\u043e\u0440\u0438 \u0433\u043e\u0434\u0438\u043d\u0430\u043c\u0438!<\/p>\t\t\t\t\t\t\t\t<\/div>\n\t\t\t\t<\/div>\n\t\t\t\t<\/div>\n\t\t\t\t\t<\/div>\n\t\t\t\t<\/div>\n\t\t<div class=\"elementor-element elementor-element-8dbe62a e-con-full e-flex e-con e-parent\" data-id=\"8dbe62a\" data-element_type=\"container\" data-e-type=\"container\">\n\t\t<div class=\"elementor-element elementor-element-13d4a30 e-con-full e-flex e-con e-child\" data-id=\"13d4a30\" data-element_type=\"container\" data-e-type=\"container\">\n\t\t\t\t<div class=\"elementor-element elementor-element-8b5f122 elementor-widget elementor-widget-heading\" data-id=\"8b5f122\" data-element_type=\"widget\" data-e-type=\"widget\" data-widget_type=\"heading.default\">\n\t\t\t\t<div class=\"elementor-widget-container\">\n\t\t\t\t\t<h3 class=\"elementor-heading-title elementor-size-default\">\u0424\u043e\u0440\u043c\u0430 \u0434\u043b\u044f \u043a\u043e\u043d\u0442\u0430\u043a\u0442\u0443<\/h3>\t\t\t\t<\/div>\n\t\t\t\t<\/div>\n\t\t\t\t<div class=\"elementor-element elementor-element-899b8a0 elementor-widget elementor-widget-text-editor\" data-id=\"899b8a0\" data-element_type=\"widget\" data-e-type=\"widget\" data-widget_type=\"text-editor.default\">\n\t\t\t\t<div class=\"elementor-widget-container\">\n\t\t\t\t\t\t\t\t\t<p>\u041c\u0430\u0454\u0442\u0435 \u0437\u0430\u043f\u0438\u0442\u0430\u043d\u043d\u044f \u0449\u043e\u0434\u043e \u0432\u0438\u0441\u0442\u0430\u0432\u043a\u0438? \u0417\u0430\u0442\u0435\u043b\u0435\u0444\u043e\u043d\u0443\u0439\u0442\u0435 \u043d\u0430\u043c \u0430\u0431\u043e \u0441\u043a\u043e\u0440\u0438\u0441\u0442\u0430\u0439\u0442\u0435\u0441\u044f \u0444\u043e\u0440\u043c\u043e\u044e \u0434\u043b\u044f \u043a\u043e\u043d\u0442\u0430\u043a\u0442\u0443.<\/p>\t\t\t\t\t\t\t\t<\/div>\n\t\t\t\t<\/div>\n\t\t\t\t<div class=\"elementor-element elementor-element-f6bd1a5 elementor-widget elementor-widget-shortcode\" data-id=\"f6bd1a5\" data-element_type=\"widget\" data-e-type=\"widget\" data-widget_type=\"shortcode.default\">\n\t\t\t\t<div class=\"elementor-widget-container\">\n\t\t\t\t\t\t\t<div class=\"elementor-shortcode\"><style id=\"wpforms-css-vars-629\">\n\t\t\t\t#wpforms-629 {\n\t\t\t\t\n\t\t\t}\n\t\t\t<\/style><div class=\"wpforms-container wpforms-container-full wpforms-render-modern\" id=\"wpforms-629\"><form id=\"wpforms-form-629\" class=\"wpforms-validate wpforms-form wpforms-ajax-form\" data-formid=\"629\" method=\"post\" enctype=\"multipart\/form-data\" action=\"\/ua\/wp-json\/wp\/v2\/pages\/20\" data-token=\"0c34f0aa429cde75ce26c78698abba5d\" data-token-time=\"1776769028\"><noscript class=\"wpforms-error-noscript\">Aby wype\u0142ni\u0107 ten formularz, w\u0142\u0105cz obs\u0142ug\u0119 JavaScript w przegl\u0105darce.<\/noscript><div id=\"wpforms-error-noscript\" style=\"display: none;\">Aby wype\u0142ni\u0107 ten formularz, w\u0142\u0105cz obs\u0142ug\u0119 JavaScript w przegl\u0105darce.<\/div><div class=\"wpforms-field-container\"><div id=\"wpforms-629-field_0-container\" class=\"wpforms-field wpforms-field-name wpforms-one-half wpforms-first\" data-field-id=\"0\"><label class=\"wpforms-field-label\" for=\"wpforms-629-field_0\">\u0406\u043c&#039;\u044f <span class=\"wpforms-required-label\" aria-hidden=\"true\">*<\/span><\/label><input type=\"text\" id=\"wpforms-629-field_0\" class=\"wpforms-field-large wpforms-field-required\" name=\"wpforms[fields][0]\" aria-errormessage=\"wpforms-629-field_0-error\" required><\/div><div id=\"wpforms-629-field_7-container\" class=\"wpforms-field wpforms-field-name wpforms-one-half\" data-field-id=\"7\"><label class=\"wpforms-field-label\" for=\"wpforms-629-field_7\">\u041f\u0440\u0456\u0437\u0432\u0438\u0449\u0435<\/label><input type=\"text\" id=\"wpforms-629-field_7\" class=\"wpforms-field-large\" name=\"wpforms[fields][7]\" aria-errormessage=\"wpforms-629-field_7-error\" ><\/div><div id=\"wpforms-629-field_1-container\" class=\"wpforms-field wpforms-field-email wpforms-one-half wpforms-first\" data-field-id=\"1\"><label class=\"wpforms-field-label\" for=\"wpforms-629-field_1\">\u0410\u0434\u0440\u0435\u0441\u0430 \u0435\u043b\u0435\u043a\u0442\u0440\u043e\u043d\u043d\u043e\u0457 \u043f\u043e\u0448\u0442\u0438  <span class=\"wpforms-required-label\" aria-hidden=\"true\">*<\/span><\/label><input type=\"email\" id=\"wpforms-629-field_1\" class=\"wpforms-field-large wpforms-field-required\" name=\"wpforms[fields][1]\" spellcheck=\"false\" aria-errormessage=\"wpforms-629-field_1-error\" required><\/div><div id=\"wpforms-629-field_6-container\" class=\"wpforms-field wpforms-field-text wpforms-one-half\" data-field-id=\"6\"><label class=\"wpforms-field-label\" for=\"wpforms-629-field_6\">\u041d\u043e\u043c\u0435\u0440 \u0442\u0435\u043b\u0435\u0444\u043e\u043d\u0443<\/label><input type=\"text\" id=\"wpforms-629-field_6\" class=\"wpforms-field-large wpforms-masked-input\" data-rule-inputmask-incomplete=\"1\" data-inputmask-mask=\"999-999-999\" name=\"wpforms[fields][6]\" aria-errormessage=\"wpforms-629-field_6-error\" ><\/div><div id=\"wpforms-629-field_2-container\" class=\"wpforms-field wpforms-field-textarea\" data-field-id=\"2\"><label class=\"wpforms-field-label\" for=\"wpforms-629-field_2\">\u043f\u043e\u0432\u0456\u0434\u043e\u043c\u043b\u0435\u043d\u043d\u044f <span class=\"wpforms-required-label\" aria-hidden=\"true\">*<\/span><\/label><textarea id=\"wpforms-629-field_2\" class=\"wpforms-field-medium wpforms-field-required\" name=\"wpforms[fields][2]\" aria-errormessage=\"wpforms-629-field_2-error\" required><\/textarea><\/div><div id=\"wpforms-629-field_8-container\" class=\"wpforms-field wpforms-field-checkbox\" data-field-id=\"8\"><fieldset><legend class=\"wpforms-field-label wpforms-label-hide\" aria-hidden=\"false\">Pola wyboru<\/legend><ul id=\"wpforms-629-field_8\"><li class=\"choice-1 depth-1\"><input type=\"checkbox\" id=\"wpforms-629-field_8_1\" name=\"wpforms[fields][8][]\" value=\"\u042f \u043f\u0440\u043e\u0447\u0438\u0442\u0430\u0432 &lt;a href=&quot;https:\/\/smt.edu.pl\/ua\/polityka-prywatnosci\/&quot;&gt;\u043f\u043e\u043b\u0456\u0442\u0438\u043a\u0443 \u043a\u043e\u043d\u0444\u0456\u0434\u0435\u043d\u0446\u0456\u0439\u043d\u043e\u0441\u0442\u0456&lt;\/a&gt;, \u044f\u043a\u0430 \u043d\u0435\u043e\u0431\u0445\u0456\u0434\u043d\u0430 \u0434\u043b\u044f \u043e\u0431\u0440\u043e\u0431\u043a\u0438 \u0437\u0430\u043f\u0438\u0442\u0443 *\" aria-errormessage=\"wpforms-629-field_8_1-error\" aria-describedby=\"wpforms-629-field_8-description\"  ><label class=\"wpforms-field-label-inline\" for=\"wpforms-629-field_8_1\">\u042f \u043f\u0440\u043e\u0447\u0438\u0442\u0430\u0432 <a href=\"https:\/\/smt.edu.pl\/ua\/polityka-prywatnosci\/\">\u043f\u043e\u043b\u0456\u0442\u0438\u043a\u0443 \u043a\u043e\u043d\u0444\u0456\u0434\u0435\u043d\u0446\u0456\u0439\u043d\u043e\u0441\u0442\u0456<\/a>, \u044f\u043a\u0430 \u043d\u0435\u043e\u0431\u0445\u0456\u0434\u043d\u0430 \u0434\u043b\u044f \u043e\u0431\u0440\u043e\u0431\u043a\u0438 \u0437\u0430\u043f\u0438\u0442\u0443 *<\/label><\/li><\/ul><div id=\"wpforms-629-field_8-description\" class=\"wpforms-field-description\">* \u0426\u0435 \u043f\u043e\u043b\u0435 \u0454 \u043e\u0431\u043e\u0432'\u044f\u0437\u043a\u043e\u0432\u0438\u043c<\/div><\/fieldset><\/div><\/div><!-- .wpforms-field-container --><div class=\"wpforms-recaptcha-container wpforms-is-recaptcha wpforms-is-recaptcha-type-v3\" ><input type=\"hidden\" name=\"wpforms[recaptcha]\" value=\"\"><\/div><div class=\"wpforms-submit-container\" ><input type=\"hidden\" name=\"wpforms[id]\" value=\"629\"><input type=\"hidden\" name=\"page_title\" value=\"\"><input type=\"hidden\" name=\"page_url\" value=\"https:\/\/smt.edu.pl\/ua\/wp-json\/wp\/v2\/pages\/20\"><input type=\"hidden\" name=\"url_referer\" value=\"\"><button type=\"submit\" name=\"wpforms[submit]\" id=\"wpforms-submit-629\" class=\"wpforms-submit\" data-alt-text=\"\u0432\u0456\u0434\u043f\u0440\u0430\u0432\u043b\u0435\u043d\u043d\u044f...\" data-submit-text=\"\u0432\u0456\u0434\u043f\u0440\u0430\u0432\u0438\u0442\u0438\" aria-live=\"assertive\" value=\"wpforms-submit\">\u0432\u0456\u0434\u043f\u0440\u0430\u0432\u0438\u0442\u0438<\/button><img decoding=\"async\" src=\"https:\/\/smt.edu.pl\/ua\/wp-content\/plugins\/wpforms-lite\/assets\/images\/submit-spin.svg\" class=\"wpforms-submit-spinner\" style=\"display: none;\" width=\"26\" height=\"26\" alt=\"Wczytywanie\"><\/div><\/form><\/div>  <!-- .wpforms-container --><\/div>\n\t\t\t\t\t\t<\/div>\n\t\t\t\t<\/div>\n\t\t\t\t<\/div>\n\t\t<div class=\"elementor-element elementor-element-5d2bbcb e-con-full e-flex e-con e-child\" data-id=\"5d2bbcb\" data-element_type=\"container\" data-e-type=\"container\">\n\t\t\t\t<div class=\"elementor-element elementor-element-9fe1b60 elementor-widget elementor-widget-image\" data-id=\"9fe1b60\" data-element_type=\"widget\" data-e-type=\"widget\" data-widget_type=\"image.default\">\n\t\t\t\t<div class=\"elementor-widget-container\">\n\t\t\t\t\t\t\t\t\t\t\t\t\t\t\t<img fetchpriority=\"high\" decoding=\"async\" width=\"1024\" height=\"927\" src=\"https:\/\/smt.edu.pl\/ua\/wp-content\/uploads\/2023\/11\/lego-technic-lotnictwo-1024x927.webp\" class=\"attachment-large size-large wp-image-299\" alt=\"LEGO Technic Krak\u00f3w - dla szk\u00f3\u0142\" srcset=\"https:\/\/smt.edu.pl\/ua\/wp-content\/uploads\/2023\/11\/lego-technic-lotnictwo-1024x927.webp 1024w, https:\/\/smt.edu.pl\/ua\/wp-content\/uploads\/2023\/11\/lego-technic-lotnictwo-300x272.webp 300w, https:\/\/smt.edu.pl\/ua\/wp-content\/uploads\/2023\/11\/lego-technic-lotnictwo-768x695.webp 768w, https:\/\/smt.edu.pl\/ua\/wp-content\/uploads\/2023\/11\/lego-technic-lotnictwo.webp 1253w\" sizes=\"(max-width: 1024px) 100vw, 1024px\" \/>\t\t\t\t\t\t\t\t\t\t\t\t\t\t\t<\/div>\n\t\t\t\t<\/div>\n\t\t\t\t<\/div>\n\t\t\t\t<\/div>\n\t\t<div class=\"elementor-element elementor-element-17c5c1d e-flex e-con-boxed e-con e-parent\" data-id=\"17c5c1d\" data-element_type=\"container\" data-e-type=\"container\" data-settings=\"{&quot;background_background&quot;:&quot;gradient&quot;,&quot;shape_divider_top&quot;:&quot;waves&quot;}\">\n\t\t\t\t\t<div class=\"e-con-inner\">\n\t\t\t\t<div class=\"elementor-shape elementor-shape-top\" aria-hidden=\"true\" data-negative=\"false\">\n\t\t\t<svg xmlns=\"http:\/\/www.w3.org\/2000\/svg\" viewBox=\"0 0 1000 100\" preserveAspectRatio=\"none\">\n\t<path class=\"elementor-shape-fill\" d=\"M421.9,6.5c22.6-2.5,51.5,0.4,75.5,5.3c23.6,4.9,70.9,23.5,100.5,35.7c75.8,32.2,133.7,44.5,192.6,49.7\n\tc23.6,2.1,48.7,3.5,103.4-2.5c54.7-6,106.2-25.6,106.2-25.6V0H0v30.3c0,0,72,32.6,158.4,30.5c39.2-0.7,92.8-6.7,134-22.4\n\tc21.2-8.1,52.2-18.2,79.7-24.2C399.3,7.9,411.6,7.5,421.9,6.5z\"\/>\n<\/svg>\t\t<\/div>\n\t\t<div class=\"elementor-element elementor-element-0877ee9 e-con-full e-flex e-con e-child\" data-id=\"0877ee9\" data-element_type=\"container\" data-e-type=\"container\">\n\t\t<div class=\"elementor-element elementor-element-0305262 e-flex e-con-boxed e-con e-child\" data-id=\"0305262\" data-element_type=\"container\" data-e-type=\"container\">\n\t\t\t\t\t<div class=\"e-con-inner\">\n\t\t\t\t<div class=\"elementor-element elementor-element-acf7e86 elementor-widget elementor-widget-text-editor\" data-id=\"acf7e86\" data-element_type=\"widget\" data-e-type=\"widget\" data-widget_type=\"text-editor.default\">\n\t\t\t\t<div class=\"elementor-widget-container\">\n\t\t\t\t\t\t\t\t\t<p>LEGO\u00ae \u0456 LEGO\u00ae Technic \u0454 \u0437\u0430\u0440\u0435\u0454\u0441\u0442\u0440\u043e\u0432\u0430\u043d\u0438\u043c\u0438 \u0442\u043e\u0432\u0430\u0440\u043d\u0438\u043c\u0438 \u0437\u043d\u0430\u043a\u0430\u043c\u0438 \u043a\u043e\u043c\u043f\u0430\u043d\u0456\u0439 \u0413\u0440\u0443\u043f\u0438 LEGO\u00ae. \u041d\u0456 \u043d\u0430\u0448 \u0432\u0435\u0431-\u0441\u0430\u0439\u0442, \u043d\u0456 \u0432\u0438\u0441\u0442\u0430\u0432\u043a\u0430 \u0442\u0430 \u0434\u0456\u044f\u043b\u044c\u043d\u0456\u0441\u0442\u044c \u0436\u043e\u0434\u043d\u0438\u043c \u0447\u0438\u043d\u043e\u043c \u043d\u0435 \u043f\u043e\u0432\u2019\u044f\u0437\u0430\u043d\u0456, \u0441\u0445\u0432\u0430\u043b\u0435\u043d\u0456, \u0441\u043f\u043e\u043d\u0441\u043e\u0440\u043e\u0432\u0430\u043d\u0456 \u0430\u0431\u043e \u0430\u0432\u0442\u043e\u0440\u0438\u0437\u043e\u0432\u0430\u043d\u0456 LEGO\u00ae Group.<\/p>\t\t\t\t\t\t\t\t<\/div>\n\t\t\t\t<\/div>\n\t\t\t\t\t<\/div>\n\t\t\t\t<\/div>\n\t\t\t\t<\/div>\n\t\t<div class=\"elementor-element elementor-element-bc3e535 e-con-full e-flex e-con e-child\" data-id=\"bc3e535\" data-element_type=\"container\" data-e-type=\"container\">\n\t\t\t\t<div class=\"elementor-element elementor-element-63e694c elementor-widget elementor-widget-image\" data-id=\"63e694c\" data-element_type=\"widget\" data-e-type=\"widget\" data-widget_type=\"image.default\">\n\t\t\t\t<div class=\"elementor-widget-container\">\n\t\t\t\t\t\t\t\t\t\t\t\t\t\t\t<img decoding=\"async\" width=\"1024\" height=\"730\" src=\"https:\/\/smt.edu.pl\/ua\/wp-content\/uploads\/2023\/12\/klocki-lego-technic-SMT-1024x730.webp\" class=\"attachment-large size-large wp-image-552\" alt=\"klocki lego technic SMT\" srcset=\"https:\/\/smt.edu.pl\/ua\/wp-content\/uploads\/2023\/12\/klocki-lego-technic-SMT-1024x730.webp 1024w, https:\/\/smt.edu.pl\/ua\/wp-content\/uploads\/2023\/12\/klocki-lego-technic-SMT-300x214.webp 300w, https:\/\/smt.edu.pl\/ua\/wp-content\/uploads\/2023\/12\/klocki-lego-technic-SMT-768x547.webp 768w, https:\/\/smt.edu.pl\/ua\/wp-content\/uploads\/2023\/12\/klocki-lego-technic-SMT.webp 1200w\" sizes=\"(max-width: 1024px) 100vw, 1024px\" \/>\t\t\t\t\t\t\t\t\t\t\t\t\t\t\t<\/div>\n\t\t\t\t<\/div>\n\t\t\t\t<\/div>\n\t\t\t\t\t<\/div>\n\t\t\t\t<\/div>\n\t\t\t\t<\/div>\n\t\t","protected":false},"excerpt":{"rendered":"<p>\u0412\u0418\u0421\u0422\u0410\u0412\u041a\u0410 \u0414\u041b\u042f \u0413\u0420\u0423\u041f \u043d\u0430\u0432\u0447\u0430\u043d\u043d\u044f \u0442\u0430 \u0440\u043e\u0437\u0432\u0430\u0433\u0438 \u0437 LEGO\u00ae Technic \u0417 \u043b\u044e\u0442\u043e\u0433\u043e \u044f \u0437\u0430\u043f\u0440\u043e\u0448\u0443\u044e \u0432\u0430\u0441 \u0443 \u0437\u0430\u0445\u043e\u043f\u043b\u044e\u044e\u0447\u0443 \u043f\u043e\u0434\u043e\u0440\u043e\u0436 \u043a\u0440\u0456\u0437\u044c \u043f\u043e\u043d\u0430\u0434 40 \u0440\u043e\u043a\u0456\u0432 \u0456\u0441\u0442\u043e\u0440\u0456\u0457 \u0441\u0435\u0440\u0456\u0457 Technic. \u042f \u0456\u0437 \u0437\u0430\u0434\u043e\u0432\u043e\u043b\u0435\u043d\u043d\u044f\u043c \u0440\u043e\u0437\u043f\u043e\u0432\u0456\u043c \u043f\u0440\u043e \u0432\u0441\u0435, \u0449\u043e \u0432\u0456\u0434\u0431\u0443\u043b\u043e\u0441\u044f \u0437 1977 \u0440\u043e\u043a\u0443, \u0456 \u043f\u043e\u043a\u0430\u0436\u0443 \u043f\u0440\u0438\u043a\u043b\u0430\u0434\u0438 \u044f\u043a \u0446\u044f \u0441\u0435\u0440\u0456\u044f \u0437\u043c\u0456\u043d\u0438\u043b\u0430\u0441\u044f \u0437 \u0440\u043e\u043a\u0430\u043c\u0438. \u041d\u0435 \u0437\u0430\u0431\u0443\u0434\u044c\u0442\u0435 \u043f\u0435\u0440\u0435\u0440\u0432\u0430\u0442\u0438 \u043c\u0435\u043d\u0435, \u0442\u043e\u043c\u0443 \u0449\u043e \u044f \u043c\u043e\u0436\u0443 \u0433\u043e\u0432\u043e\u0440\u0438\u0442\u0438 \u043f\u0440\u043e \u043d\u0430\u0431\u043e\u0440\u0438 [&hellip;]<\/p>\n","protected":false},"author":1,"featured_media":0,"parent":0,"menu_order":0,"comment_status":"closed","ping_status":"closed","template":"elementor_header_footer","meta":{"footnotes":""},"class_list":["post-20","page","type-page","status-publish","hentry"],"blocksy_meta":[],"_links":{"self":[{"href":"https:\/\/smt.edu.pl\/ua\/wp-json\/wp\/v2\/pages\/20","targetHints":{"allow":["GET"]}}],"collection":[{"href":"https:\/\/smt.edu.pl\/ua\/wp-json\/wp\/v2\/pages"}],"about":[{"href":"https:\/\/smt.edu.pl\/ua\/wp-json\/wp\/v2\/types\/page"}],"author":[{"embeddable":true,"href":"https:\/\/smt.edu.pl\/ua\/wp-json\/wp\/v2\/users\/1"}],"replies":[{"embeddable":true,"href":"https:\/\/smt.edu.pl\/ua\/wp-json\/wp\/v2\/comments?post=20"}],"version-history":[{"count":79,"href":"https:\/\/smt.edu.pl\/ua\/wp-json\/wp\/v2\/pages\/20\/revisions"}],"predecessor-version":[{"id":954,"href":"https:\/\/smt.edu.pl\/ua\/wp-json\/wp\/v2\/pages\/20\/revisions\/954"}],"wp:attachment":[{"href":"https:\/\/smt.edu.pl\/ua\/wp-json\/wp\/v2\/media?parent=20"}],"curies":[{"name":"wp","href":"https:\/\/api.w.org\/{rel}","templated":true}]}}