{"id":2,"date":"2023-11-14T21:02:25","date_gmt":"2023-11-14T20:02:25","guid":{"rendered":"http:\/\/smt.edu.pl\/ua\/?page_id=2"},"modified":"2023-12-27T16:05:34","modified_gmt":"2023-12-27T15:05:34","slug":"przykladowa-strona","status":"publish","type":"page","link":"https:\/\/smt.edu.pl\/ua\/","title":{"rendered":"\u0414\u0456\u043c"},"content":{"rendered":"\t\t<div data-elementor-type=\"wp-page\" data-elementor-id=\"2\" class=\"elementor elementor-2\">\n\t\t\t\t<div class=\"elementor-element elementor-element-fbf7fd9 e-con-full e-flex e-con e-parent\" data-id=\"fbf7fd9\" data-element_type=\"container\" data-e-type=\"container\">\n\t\t\t\t<div class=\"elementor-element elementor-element-6440c39 elementor-widget elementor-widget-shortcode\" data-id=\"6440c39\" data-element_type=\"widget\" data-e-type=\"widget\" data-widget_type=\"shortcode.default\">\n\t\t\t\t<div class=\"elementor-widget-container\">\n\t\t\t\t\t\t\t<div class=\"elementor-shortcode\">  <\/div>\n\t\t\t\t\t\t<\/div>\n\t\t\t\t<\/div>\n\t\t\t\t<\/div>\n\t\t<div class=\"elementor-element elementor-element-9b625bb e-con-full e-flex e-con e-parent\" data-id=\"9b625bb\" data-element_type=\"container\" data-e-type=\"container\">\n\t\t<div class=\"elementor-element elementor-element-a486210 e-con-full e-flex e-con e-child\" data-id=\"a486210\" data-element_type=\"container\" data-e-type=\"container\">\n\t\t\t\t<div class=\"elementor-element elementor-element-a6f9015 elementor-widget elementor-widget-text-editor\" data-id=\"a6f9015\" data-element_type=\"widget\" data-e-type=\"widget\" data-widget_type=\"text-editor.default\">\n\t\t\t\t<div class=\"elementor-widget-container\">\n\t\t\t\t\t\t\t\t\t<p>\u0417\u0430\u043f\u0440\u043e\u0448\u0443\u044e \u0432\u0456\u0434\u0432\u0456\u0434\u0430\u0442\u0438 \u043c\u0456\u0441\u0446\u0435, \u043f\u0440\u043e \u044f\u043a\u0435 \u043c\u0440\u0456\u044f\u0432 \u043d\u0430 \u043f\u0440\u043e\u0442\u044f\u0437\u0456 \u043a\u0456\u043b\u044c\u043a\u043e\u0445 \u043e\u0441\u0442\u0430\u043d\u043d\u0456\u0445 \u0440\u043e\u043a\u0456\u0432. \u0417\u0430 \u043e\u0441\u0442\u0430\u043d\u043d\u0456\u0439 \u0434\u0435\u0441\u044f\u0442\u043e\u043a \u0440\u043e\u043a\u0456\u0432 \u0431\u0443\u043b\u043e \u0437\u0456\u0431\u0440\u0430\u043d\u043e \u0431\u0430\u0433\u0430\u0442\u043e \u043c\u043e\u0434\u0435\u043b\u0435\u0439, \u043a\u043e\u0440\u043e\u0431\u043e\u043a, \u043f\u043e\u0441\u0456\u0431\u043d\u0438\u043a\u0456\u0432, \u0441\u0442\u0430\u0440\u0438\u0445 \u043a\u0430\u0442\u0430\u043b\u043e\u0433\u0456\u0432, \u043f\u043b\u0430\u043a\u0430\u0442\u0456\u0432 \u0442\u0430 \u0432\u0441\u044c\u043e\u0433\u043e, \u0449\u043e \u0441\u0442\u043e\u0441\u0443\u0454\u0442\u044c\u0441\u044f Lego Technic. \u0414\u0430\u0432\u043d\u043e \u0437\u0430\u0434\u0443\u043c\u0443\u0432\u0430\u0432\u0441\u044f \u043d\u0430\u0434 \u0442\u0438\u043c, \u0447\u0438 \u0432\u0430\u0440\u0442\u043e \u0431\u0443\u043b\u043e \u0431 \u043f\u043e\u0434\u0456\u043b\u0438\u0442\u0438\u0441\u044f \u0446\u0456\u0454\u044e \u0456\u0441\u0442\u043e\u0440\u0456\u0454\u044e \u0437 \u0456\u043d\u0448\u0438\u043c\u0438, \u0430\u043b\u0435 \u043f\u043e\u043f\u0443\u0442\u043d\u043e \u0437\u0430\u0432\u0436\u0434\u0438 \u0431\u0443\u043b\u043e \u0449\u043e\u0441\u044c \u0432\u0430\u0436\u043b\u0438\u0432\u0456\u0448\u0435&#8230;<\/p><p>brickset.com \u0442\u0430 \u0456\u043d\u0448\u0456. \u042f \u0448\u0443\u043a\u0430\u0432 \u0434\u0435\u0442\u0430\u043b\u044c\u043d\u0443 \u0456\u043d\u0444\u043e\u0440\u043c\u0430\u0446\u0456\u044e, \u0430\u043b\u0435 \u0456 \u0442\u0430\u043a\u043e\u0436 \u043d\u0430\u043c\u0430\u0433\u0430\u0432\u0441\u044f \u043f\u0435\u0440\u0435\u0432\u0456\u0440\u0438\u0442\u0438 \u0457\u0457 \u0432 \u0431\u0430\u0433\u0430\u0442\u044c\u043e\u0445 \u0456\u043d\u0448\u0438\u0445 \u043c\u0456\u0441\u0446\u044f\u0445. \u0414\u043e \u0440\u0435\u0447\u0456, \u043f\u0456\u0434\u0445\u043e\u0434\u044f\u0447\u0438 \u0434\u043e \u043e\u043f\u0438\u0441\u0443 \u0441\u043a\u043b\u0430\u0434\u043d\u0438\u0445 \u043c\u0435\u0445\u0430\u043d\u0456\u0437\u043c\u0456\u0432, \u0449\u043e \u0432\u0438\u043a\u043e\u0440\u0438\u0441\u0442\u043e\u0432\u0443\u044e\u0442\u044c\u0441\u044f \u0432 \u043c\u043e\u0434\u0435\u043b\u044f\u0445, \u044f \u0432\u0438\u0432\u0447\u0430\u0432 \u043f\u0438\u0442\u0430\u043d\u043d\u044f, \u043f\u043e\u0432\u2019\u044f\u0437\u0430\u043d\u0456 \u0437 \u043c\u0435\u0445\u0430\u043d\u0456\u043a\u043e\u044e, \u0430\u0431\u0438 \u00a0\u0432\u043c\u0456\u0442\u0438 \u043f\u0435\u0440\u0435\u0434\u0430\u0442\u0438 \u0457\u0445 \u0432 \u043e\u043f\u0438\u0441\u0430\u0445 \u043d\u0430 \u0432\u0438\u0441\u0442\u0430\u0432\u0446\u0456. \u041d\u0430\u0432\u0456\u0442\u044c \u0449\u0435 \u043a\u0456\u043b\u044c\u043a\u0430 \u0434\u043d\u0456\u0432 \u0442\u043e\u043c\u0443 \u044f \u043d\u0435 \u0437\u043d\u0430\u0432, \u0449\u043e \u0442\u0430\u043a\u0435 \u043a\u043e\u043c\u043f\u0435\u043d\u0441\u0430\u0446\u0456\u044f \u0410\u043a\u0435\u0440\u043c\u0430\u043d\u0430&#8230; \u0410\u0434\u0436\u0435 \u043a\u043e\u0436\u043d\u0430 \u043c\u043e\u0434\u0435\u043b\u044c \u043c\u0430\u0454 \u0431\u0443\u0442\u0438 \u2013 \u043d\u0430\u0432\u0456\u0442\u044c \u043a\u043e\u0440\u043e\u0442\u043a\u043e \u2013 \u043e\u043f\u0438\u0441\u0430\u043d\u0430 \u0442\u0430\u043a, \u0449\u043e\u0431 \u044f\u043a\u043e\u043c\u043e\u0433\u0430 \u043a\u0440\u0430\u0449\u0435 \u0431\u0443\u043b\u043e \u0457\u0457 \u0437\u0440\u043e\u0437\u0443\u043c\u0456\u0442\u0438.<\/p>\t\t\t\t\t\t\t\t<\/div>\n\t\t\t\t<\/div>\n\t\t\t\t<div class=\"elementor-element elementor-element-4ef11d5 elementor-widget elementor-widget-text-editor\" data-id=\"4ef11d5\" data-element_type=\"widget\" data-e-type=\"widget\" data-widget_type=\"text-editor.default\">\n\t\t\t\t<div class=\"elementor-widget-container\">\n\t\t\t\t\t\t\t\t\t<p>\u042f \u043a\u0430\u0442\u0430\u043b\u043e\u0433\u0456\u0437\u0443\u044e, \u043f\u0435\u0440\u0435\u0432\u0456\u0440\u044f\u044e&#8230; \u0404 \u0449\u0435 \u0431\u0430\u0433\u0430\u0442\u043e \u043c\u043e\u0434\u0435\u043b\u0435\u0439, \u044f\u043a\u0456 \u043f\u043e\u0442\u0440\u0456\u0431\u043d\u043e \u0437\u0456\u0431\u0440\u0430\u0442\u0438, \u0430\u043b\u0435 \u043a\u0456\u043b\u044c\u043a\u0456\u0441\u0442\u044c \u043c\u0456\u0441\u0446\u044f \u0432 \u0431\u0443\u0434\u0438\u043d\u043a\u0443 \u043d\u0435 \u0434\u043e\u0437\u0432\u043e\u043b\u044f\u0454 \u043c\u0435\u043d\u0456 \u0437\u0456\u0431\u0440\u0430\u0442\u0438 \u0432\u0441\u0456 \u043c\u043e\u0434\u0435\u043b\u0456 \u043e\u0434\u043d\u043e\u0447\u0430\u0441\u043d\u043e.<\/p><p>\u041d\u0430\u0432\u0456\u0442\u044c \u043f\u0440\u043e\u0441\u0442\u043e \u0432\u0438\u0437\u043d\u0430\u0447\u0438\u0442\u0438, \u0449\u043e \u043d\u0430\u043b\u0435\u0436\u0438\u0442\u044c \u0434\u043e \u0441\u0435\u0440\u0456\u0457 Technic, \u0430 \u0449\u043e \u043d\u0456, \u0432\u0438\u044f\u0432\u043b\u044f\u0454\u0442\u044c\u0441\u044f, \u0437\u043e\u0432\u0441\u0456\u043c \u043d\u0435\u043f\u0440\u043e\u0441\u0442\u0430 \u0440\u0456\u0447, \u0456 \u043f\u0440\u043e \u0446\u0435 \u0432\u0435\u0434\u0443\u0442\u044c\u0441\u044f \u043d\u0435\u0441\u043a\u0456\u043d\u0447\u0435\u043d\u043d\u0456 \u0434\u0438\u0441\u043a\u0443\u0441\u0456\u0457 \u043d\u0430 \u0444\u043e\u0440\u0443\u043c\u0430\u0445, \u044f\u043a\u0456 \u043f\u043e\u0441\u0432\u044f\u0447\u0435\u043d\u0456 \u0446\u0456\u0439 \u0442\u0435\u043c\u0456.\u00a0 \u0426\u0435 \u0432\u0430\u0436\u043a\u043e, \u043c\u0430\u0454\u0448 \u0432\u0438\u0440\u0456\u0448\u0438\u0442\u0438 \u0441\u0430\u043c.<\/p>\t\t\t\t\t\t\t\t<\/div>\n\t\t\t\t<\/div>\n\t\t\t\t<div class=\"elementor-element elementor-element-0aadb22 elementor-widget elementor-widget-text-editor\" data-id=\"0aadb22\" data-element_type=\"widget\" data-e-type=\"widget\" data-widget_type=\"text-editor.default\">\n\t\t\t\t<div class=\"elementor-widget-container\">\n\t\t\t\t\t\t\t\t\t<p>\u041a\u043e\u043b\u0438 \u043c\u0435\u043d\u0456 \u0432\u0434\u0430\u0441\u0442\u044c\u0441\u044f \u0432\u0441\u0435 \u0432\u043b\u0430\u0448\u0442\u0443\u0432\u0430\u0442\u0438 \u2013 \u0431\u0443\u0434\u0435\u0448 \u0413\u043e\u0441\u0442\u0435\u043c, \u044f\u043a\u043e\u0433\u043e \u043c\u0438 \u0431\u0443\u0434\u0435\u043c\u043e \u0440\u0430\u0434\u0456 \u0431\u0430\u0447\u0438\u0442\u0438. \u041c\u0435\u043d\u0456 \u0446\u0456\u043a\u0430\u0432\u0456 \u0432\u0430\u0448\u0456 \u0432\u0440\u0430\u0436\u0435\u043d\u043d\u044f \u0442\u0430 \u0432\u0430\u0448\u0430 \u0434\u0443\u043c\u043a\u0430 \u043f\u0440\u043e \u0446\u0435 \u043c\u0456\u0441\u0446\u0435. \u042f \u0456\u0437 \u0437\u0430\u0434\u043e\u0432\u043e\u043b\u0435\u043d\u043d\u044f\u043c \u0457\u0445 \u043f\u0440\u043e\u0447\u0438\u0442\u0430\u044e \u0456 \u043e\u0431\u0456\u0446\u044f\u044e, \u0449\u043e \u0432\u0456\u0437\u044c\u043c\u0443 \u0457\u0445 \u0434\u043e \u0443\u0432\u0430\u0433\u0438.<\/p><p>\u0417\u0440\u0435\u0448\u0442\u043e\u044e, \u044f\u043a \u0441\u043a\u0430\u0437\u0430\u0432 \u041e\u043b\u0435 \u041a\u0456\u0440\u043a \u041a\u0440\u0456\u0441\u0442\u0456\u0430\u043d\u0441\u0435\u043d, \u0437\u0430\u0441\u043d\u043e\u0432\u043d\u0438\u043a LEGO\u00ae:<\/p><p>\u00ab\u0422\u0456\u043b\u044c\u043a\u0438 \u043d\u0430\u0439\u043a\u0440\u0430\u0449\u0435 \u0454 \u0434\u043e\u0441\u0442\u0430\u0442\u043d\u044c\u043e \u0434\u043e\u0431\u0440\u0438\u043c\u00bb. \u0422\u0430\u043a, \u044f \u0445\u043e\u0442\u0456\u0432 \u0431\u0438, \u0449\u043e\u0431 \u0446\u0435 \u0431\u0443\u043b\u043e \u043d\u0430\u0439\u043a\u0440\u0430\u0449\u0430 \u0442\u0435\u043c\u0430\u0442\u0438\u0447\u043d\u0430 \u0432\u0438\u0441\u0442\u0430\u0432\u043a\u0430 LEGO\u00ae Technic. \u0411\u043e \u0442\u0456\u043b\u044c\u043a\u0438 \u0442\u043e\u0434\u0456 \u0446\u0435 \u0431\u0443\u0434\u0435 \u0434\u043e\u0441\u0442\u0430\u0442\u043d\u044c\u043e \u0434\u043e\u0431\u0440\u0435.<\/p>\t\t\t\t\t\t\t\t<\/div>\n\t\t\t\t<\/div>\n\t\t\t\t<div class=\"elementor-element elementor-element-9050d77 elementor-widget elementor-widget-heading\" data-id=\"9050d77\" data-element_type=\"widget\" data-e-type=\"widget\" data-widget_type=\"heading.default\">\n\t\t\t\t<div class=\"elementor-widget-container\">\n\t\t\t\t\t<h3 class=\"elementor-heading-title elementor-size-default\">\u0414\u043e \u0437\u0443\u0441\u0442\u0440\u0456\u0447\u0456 \u0443 \u043c\u0456\u0441\u0446\u0456 \u043c\u043e\u0454\u0457 \u043c\u0440\u0456\u0457!<\/h3>\t\t\t\t<\/div>\n\t\t\t\t<\/div>\n\t\t\t\t<div class=\"elementor-element elementor-element-3cf6ba6 elementor-widget elementor-widget-heading\" data-id=\"3cf6ba6\" data-element_type=\"widget\" data-e-type=\"widget\" data-widget_type=\"heading.default\">\n\t\t\t\t<div class=\"elementor-widget-container\">\n\t\t\t\t\t<h4 class=\"elementor-heading-title elementor-size-default\">Piotr Miedzi\u0144ski<\/h4>\t\t\t\t<\/div>\n\t\t\t\t<\/div>\n\t\t\t\t<\/div>\n\t\t<div class=\"elementor-element elementor-element-24d1662 e-con-full e-flex e-con e-child\" data-id=\"24d1662\" data-element_type=\"container\" data-e-type=\"container\" data-settings=\"{&quot;background_background&quot;:&quot;classic&quot;}\">\n\t\t\t\t<div class=\"elementor-element elementor-element-a8168b0 elementor-widget elementor-widget-image\" data-id=\"a8168b0\" data-element_type=\"widget\" data-e-type=\"widget\" data-widget_type=\"image.default\">\n\t\t\t\t<div class=\"elementor-widget-container\">\n\t\t\t\t\t\t\t\t\t\t\t\t\t\t\t<img fetchpriority=\"high\" decoding=\"async\" width=\"1024\" height=\"1024\" src=\"https:\/\/smt.edu.pl\/ua\/wp-content\/uploads\/2023\/12\/Piotr-Miedzinski-SMT.webp\" class=\"attachment-large size-large wp-image-427\" alt=\"Piotr Miedzi\u0144ski - \u015awiat Ma\u0142ych Technik\u00f3w\" srcset=\"https:\/\/smt.edu.pl\/ua\/wp-content\/uploads\/2023\/12\/Piotr-Miedzinski-SMT.webp 1024w, https:\/\/smt.edu.pl\/ua\/wp-content\/uploads\/2023\/12\/Piotr-Miedzinski-SMT-300x300.webp 300w, https:\/\/smt.edu.pl\/ua\/wp-content\/uploads\/2023\/12\/Piotr-Miedzinski-SMT-150x150.webp 150w, https:\/\/smt.edu.pl\/ua\/wp-content\/uploads\/2023\/12\/Piotr-Miedzinski-SMT-768x768.webp 768w\" sizes=\"(max-width: 1024px) 100vw, 1024px\" \/>\t\t\t\t\t\t\t\t\t\t\t\t\t\t\t<\/div>\n\t\t\t\t<\/div>\n\t\t\t\t<\/div>\n\t\t\t\t<\/div>\n\t\t<div class=\"elementor-element elementor-element-c1d8db7 e-flex e-con-boxed e-con e-parent\" data-id=\"c1d8db7\" data-element_type=\"container\" data-e-type=\"container\">\n\t\t\t\t\t<div class=\"e-con-inner\">\n\t\t\t\t\t<\/div>\n\t\t\t\t<\/div>\n\t\t<div class=\"elementor-element elementor-element-66641f0 e-flex e-con-boxed e-con e-parent\" data-id=\"66641f0\" data-element_type=\"container\" data-e-type=\"container\" data-settings=\"{&quot;background_background&quot;:&quot;gradient&quot;,&quot;shape_divider_top&quot;:&quot;waves&quot;}\">\n\t\t\t\t\t<div class=\"e-con-inner\">\n\t\t\t\t<div class=\"elementor-shape elementor-shape-top\" aria-hidden=\"true\" data-negative=\"false\">\n\t\t\t<svg xmlns=\"http:\/\/www.w3.org\/2000\/svg\" viewBox=\"0 0 1000 100\" preserveAspectRatio=\"none\">\n\t<path class=\"elementor-shape-fill\" d=\"M421.9,6.5c22.6-2.5,51.5,0.4,75.5,5.3c23.6,4.9,70.9,23.5,100.5,35.7c75.8,32.2,133.7,44.5,192.6,49.7\n\tc23.6,2.1,48.7,3.5,103.4-2.5c54.7-6,106.2-25.6,106.2-25.6V0H0v30.3c0,0,72,32.6,158.4,30.5c39.2-0.7,92.8-6.7,134-22.4\n\tc21.2-8.1,52.2-18.2,79.7-24.2C399.3,7.9,411.6,7.5,421.9,6.5z\"\/>\n<\/svg>\t\t<\/div>\n\t\t<div class=\"elementor-element elementor-element-190cdb5 e-con-full e-flex e-con e-child\" data-id=\"190cdb5\" data-element_type=\"container\" data-e-type=\"container\">\n\t\t<div class=\"elementor-element elementor-element-38d5ba8 e-flex e-con-boxed e-con e-child\" data-id=\"38d5ba8\" data-element_type=\"container\" data-e-type=\"container\">\n\t\t\t\t\t<div class=\"e-con-inner\">\n\t\t\t\t<div class=\"elementor-element elementor-element-113a546 elementor-widget elementor-widget-text-editor\" data-id=\"113a546\" data-element_type=\"widget\" data-e-type=\"widget\" data-widget_type=\"text-editor.default\">\n\t\t\t\t<div class=\"elementor-widget-container\">\n\t\t\t\t\t\t\t\t\t<p>LEGO\u00ae \u0456 LEGO\u00ae Technic \u0454 \u0437\u0430\u0440\u0435\u0454\u0441\u0442\u0440\u043e\u0432\u0430\u043d\u0438\u043c\u0438 \u0442\u043e\u0432\u0430\u0440\u043d\u0438\u043c\u0438 \u0437\u043d\u0430\u043a\u0430\u043c\u0438 \u043a\u043e\u043c\u043f\u0430\u043d\u0456\u0439 \u0413\u0440\u0443\u043f\u0438 LEGO\u00ae. \u041d\u0456 \u043d\u0430\u0448 \u0432\u0435\u0431-\u0441\u0430\u0439\u0442, \u043d\u0456 \u0432\u0438\u0441\u0442\u0430\u0432\u043a\u0430 \u0442\u0430 \u0434\u0456\u044f\u043b\u044c\u043d\u0456\u0441\u0442\u044c \u0436\u043e\u0434\u043d\u0438\u043c \u0447\u0438\u043d\u043e\u043c \u043d\u0435 \u043f\u043e\u0432\u2019\u044f\u0437\u0430\u043d\u0456, \u0441\u0445\u0432\u0430\u043b\u0435\u043d\u0456, \u0441\u043f\u043e\u043d\u0441\u043e\u0440\u043e\u0432\u0430\u043d\u0456 \u0430\u0431\u043e \u0430\u0432\u0442\u043e\u0440\u0438\u0437\u043e\u0432\u0430\u043d\u0456 LEGO\u00ae Group.<\/p>\t\t\t\t\t\t\t\t<\/div>\n\t\t\t\t<\/div>\n\t\t\t\t\t<\/div>\n\t\t\t\t<\/div>\n\t\t\t\t<\/div>\n\t\t<div class=\"elementor-element elementor-element-de2bd3e e-con-full e-flex e-con e-child\" data-id=\"de2bd3e\" data-element_type=\"container\" data-e-type=\"container\">\n\t\t\t\t<div class=\"elementor-element elementor-element-98b1daa elementor-widget elementor-widget-image\" data-id=\"98b1daa\" data-element_type=\"widget\" data-e-type=\"widget\" data-widget_type=\"image.default\">\n\t\t\t\t<div class=\"elementor-widget-container\">\n\t\t\t\t\t\t\t\t\t\t\t\t\t\t\t<img decoding=\"async\" width=\"1024\" height=\"730\" src=\"https:\/\/smt.edu.pl\/ua\/wp-content\/uploads\/2023\/12\/klocki-lego-technic-SMT-1024x730.webp\" class=\"attachment-large size-large wp-image-552\" alt=\"klocki lego technic SMT\" srcset=\"https:\/\/smt.edu.pl\/ua\/wp-content\/uploads\/2023\/12\/klocki-lego-technic-SMT-1024x730.webp 1024w, https:\/\/smt.edu.pl\/ua\/wp-content\/uploads\/2023\/12\/klocki-lego-technic-SMT-300x214.webp 300w, https:\/\/smt.edu.pl\/ua\/wp-content\/uploads\/2023\/12\/klocki-lego-technic-SMT-768x547.webp 768w, https:\/\/smt.edu.pl\/ua\/wp-content\/uploads\/2023\/12\/klocki-lego-technic-SMT.webp 1200w\" sizes=\"(max-width: 1024px) 100vw, 1024px\" \/>\t\t\t\t\t\t\t\t\t\t\t\t\t\t\t<\/div>\n\t\t\t\t<\/div>\n\t\t\t\t<\/div>\n\t\t\t\t\t<\/div>\n\t\t\t\t<\/div>\n\t\t\t\t<\/div>\n\t\t","protected":false},"excerpt":{"rendered":"<p>\u0417\u0430\u043f\u0440\u043e\u0448\u0443\u044e \u0432\u0456\u0434\u0432\u0456\u0434\u0430\u0442\u0438 \u043c\u0456\u0441\u0446\u0435, \u043f\u0440\u043e \u044f\u043a\u0435 \u043c\u0440\u0456\u044f\u0432 \u043d\u0430 \u043f\u0440\u043e\u0442\u044f\u0437\u0456 \u043a\u0456\u043b\u044c\u043a\u043e\u0445 \u043e\u0441\u0442\u0430\u043d\u043d\u0456\u0445 \u0440\u043e\u043a\u0456\u0432. \u0417\u0430 \u043e\u0441\u0442\u0430\u043d\u043d\u0456\u0439 \u0434\u0435\u0441\u044f\u0442\u043e\u043a \u0440\u043e\u043a\u0456\u0432 \u0431\u0443\u043b\u043e \u0437\u0456\u0431\u0440\u0430\u043d\u043e \u0431\u0430\u0433\u0430\u0442\u043e \u043c\u043e\u0434\u0435\u043b\u0435\u0439, \u043a\u043e\u0440\u043e\u0431\u043e\u043a, \u043f\u043e\u0441\u0456\u0431\u043d\u0438\u043a\u0456\u0432, \u0441\u0442\u0430\u0440\u0438\u0445 \u043a\u0430\u0442\u0430\u043b\u043e\u0433\u0456\u0432, \u043f\u043b\u0430\u043a\u0430\u0442\u0456\u0432 \u0442\u0430 \u0432\u0441\u044c\u043e\u0433\u043e, \u0449\u043e \u0441\u0442\u043e\u0441\u0443\u0454\u0442\u044c\u0441\u044f Lego Technic. \u0414\u0430\u0432\u043d\u043e \u0437\u0430\u0434\u0443\u043c\u0443\u0432\u0430\u0432\u0441\u044f \u043d\u0430\u0434 \u0442\u0438\u043c, \u0447\u0438 \u0432\u0430\u0440\u0442\u043e \u0431\u0443\u043b\u043e \u0431 \u043f\u043e\u0434\u0456\u043b\u0438\u0442\u0438\u0441\u044f \u0446\u0456\u0454\u044e \u0456\u0441\u0442\u043e\u0440\u0456\u0454\u044e \u0437 \u0456\u043d\u0448\u0438\u043c\u0438, \u0430\u043b\u0435 \u043f\u043e\u043f\u0443\u0442\u043d\u043e \u0437\u0430\u0432\u0436\u0434\u0438 \u0431\u0443\u043b\u043e \u0449\u043e\u0441\u044c \u0432\u0430\u0436\u043b\u0438\u0432\u0456\u0448\u0435&#8230; brickset.com \u0442\u0430 \u0456\u043d\u0448\u0456. \u042f \u0448\u0443\u043a\u0430\u0432 \u0434\u0435\u0442\u0430\u043b\u044c\u043d\u0443 [&hellip;]<\/p>\n","protected":false},"author":1,"featured_media":0,"parent":0,"menu_order":0,"comment_status":"closed","ping_status":"open","template":"elementor_header_footer","meta":{"footnotes":""},"class_list":["post-2","page","type-page","status-publish","hentry"],"blocksy_meta":[],"_links":{"self":[{"href":"https:\/\/smt.edu.pl\/ua\/wp-json\/wp\/v2\/pages\/2","targetHints":{"allow":["GET"]}}],"collection":[{"href":"https:\/\/smt.edu.pl\/ua\/wp-json\/wp\/v2\/pages"}],"about":[{"href":"https:\/\/smt.edu.pl\/ua\/wp-json\/wp\/v2\/types\/page"}],"author":[{"embeddable":true,"href":"https:\/\/smt.edu.pl\/ua\/wp-json\/wp\/v2\/users\/1"}],"replies":[{"embeddable":true,"href":"https:\/\/smt.edu.pl\/ua\/wp-json\/wp\/v2\/comments?post=2"}],"version-history":[{"count":68,"href":"https:\/\/smt.edu.pl\/ua\/wp-json\/wp\/v2\/pages\/2\/revisions"}],"predecessor-version":[{"id":933,"href":"https:\/\/smt.edu.pl\/ua\/wp-json\/wp\/v2\/pages\/2\/revisions\/933"}],"wp:attachment":[{"href":"https:\/\/smt.edu.pl\/ua\/wp-json\/wp\/v2\/media?parent=2"}],"curies":[{"name":"wp","href":"https:\/\/api.w.org\/{rel}","templated":true}]}}